{"id":33,"date":"2023-08-14T12:21:37","date_gmt":"2023-08-14T10:21:37","guid":{"rendered":"https:\/\/marschparadies.de\/?page_id=33"},"modified":"2025-06-16T20:00:56","modified_gmt":"2025-06-16T18:00:56","slug":"impressum-und-datenschutz","status":"publish","type":"page","link":"https:\/\/marschparadies.de\/?page_id=33","title":{"rendered":"Impressum und Datenschutz"},"content":{"rendered":"\n<p class=\"has-text-align-center\">Verantwortlich f\u00fcr den Inhalt dieser Seiten ist:<\/p>\n\n\n\n<p class=\"has-text-align-center\">Marktg\u00e4rtnerei Marschparadies<br>Frederike und Gunnar Falk GbR<br>J\u00fcrgen-Heitmann-Str. 5<br>25554 Wilster<br>info@marschparadies.de<br>Steuernummer 16\/226\/01536<\/p>\n\n\n\n<p>Wir haben uns bewusst gegen Kommentare, Anmeldebereiche, Statistiken und f\u00fcr ein Minimum an Links (der Inhalt wurde einmalig gepr\u00fcft, f\u00fcr gut befunden, wir \u00fcbernehmen aber keinerlei Haftung f\u00fcr die Inhalte, zumal diese sich ja \u00e4ndern) entschieden. \u00dcber einen privaten Account bei Mastodon werden Neuigkeiten auch geteilt.<\/p>\n\n\n\n<p>Trotzdem kommt man heutzutage nicht drumherum darauf hinzuweisen, dass man ohne eine IP-Adresse keine Website aufrufen kann und diese auch beim Hoster (in unserem Fall Strato AG) samt Zeitstempel gem\u00e4\u00df Vertrag zur Auftragsverarbeitung (nachzulesen bei Strato) gespeichert wird.<\/p>\n\n\n\n<p>Alle Inhalte, inklusive der Bilder, unterliegen dem Deutschen Urheberrecht und das Kopieren, Bearbeiten, Verbreiten oder Verwerten dieser ist nicht ohne ausdr\u00fcckliche schriftliche Erlaubnis gestattet.<\/p>\n\n\n\n<p><\/p>\n","protected":false},"excerpt":{"rendered":"<p>Verantwortlich f\u00fcr den Inhalt dieser Seiten ist: Marktg\u00e4rtnerei MarschparadiesFrederike und Gunnar Falk GbRJ\u00fcrgen-Heitmann-Str. 525554 Wilsterinfo@marschparadies.deSteuernummer 16\/226\/01536 Wir haben uns bewusst gegen Kommentare, Anmeldebereiche, Statistiken und f\u00fcr ein Minimum an Links (der Inhalt wurde einmalig gepr\u00fcft, f\u00fcr gut befunden, wir \u00fcbernehmen aber keinerlei Haftung f\u00fcr die Inhalte, zumal diese sich ja \u00e4ndern) entschieden. \u00dcber einen privaten [&hellip;]<\/p>\n","protected":false},"author":1,"featured_media":0,"parent":0,"menu_order":0,"comment_status":"closed","ping_status":"closed","template":"","meta":{"footnotes":""},"class_list":["post-33","page","type-page","status-publish","hentry","post-preview"],"_links":{"self":[{"href":"https:\/\/marschparadies.de\/index.php?rest_route=\/wp\/v2\/pages\/33","targetHints":{"allow":["GET"]}}],"collection":[{"href":"https:\/\/marschparadies.de\/index.php?rest_route=\/wp\/v2\/pages"}],"about":[{"href":"https:\/\/marschparadies.de\/index.php?rest_route=\/wp\/v2\/types\/page"}],"author":[{"embeddable":true,"href":"https:\/\/marschparadies.de\/index.php?rest_route=\/wp\/v2\/users\/1"}],"replies":[{"embeddable":true,"href":"https:\/\/marschparadies.de\/index.php?rest_route=%2Fwp%2Fv2%2Fcomments&post=33"}],"version-history":[{"count":7,"href":"https:\/\/marschparadies.de\/index.php?rest_route=\/wp\/v2\/pages\/33\/revisions"}],"predecessor-version":[{"id":314,"href":"https:\/\/marschparadies.de\/index.php?rest_route=\/wp\/v2\/pages\/33\/revisions\/314"}],"wp:attachment":[{"href":"https:\/\/marschparadies.de\/index.php?rest_route=%2Fwp%2Fv2%2Fmedia&parent=33"}],"curies":[{"name":"wp","href":"https:\/\/api.w.org\/{rel}","templated":true}]}}